{"id":21,"date":"2025-03-01T18:32:49","date_gmt":"2025-03-01T17:32:49","guid":{"rendered":"https:\/\/www.pinacotecabeghe.it\/?page_id=21"},"modified":"2025-05-29T11:25:36","modified_gmt":"2025-05-29T09:25:36","slug":"david-beghe","status":"publish","type":"page","link":"https:\/\/www.pinacotecabeghe.it\/index.php\/david-beghe\/","title":{"rendered":"David Begh\u00e9"},"content":{"rendered":"\n<p>David Begh\u00e9 nasce a <a href=\"https:\/\/www.valdivara.it\/it\/cultura\/i-borghi\/Calice-al-Cornoviglio\">Calice al Cornoviglio (SP)<\/a> il 03.05.1854.<\/p>\n\n\n\n<p>Dopo aver effettuato gli studi in tale comune segue i corsi all\u2019Accademia di Belle Arti di Carrara e si diploma nel 1870.<\/p>\n\n\n\n<p>Successivamente si trasferisce presso uno zio sacerdote a Milano, dove si iscrive al corso di architettura presso il Politecnico.<\/p>\n\n\n\n<p>La sua grande passione per la pittura lo spinge per\u00f2 a continuare gli studi all\u2019Accademia di Belle Arti di Brera. Qui segue il ciclo completo di studi sotto la direzione di due tra i pi\u00f9 famosi pittori dell\u2019epoca, Francesco Hayez e Giuseppe Bertini ed apprende la tecnica dell\u2019affresco da Giovanni Valtorta. Si diploma nel 1875 in Storia dell\u2019Arte.<\/p>\n\n\n\n<p>Nelle sue opere assume un\u2019impronta personale pur rimanendo fedele alla scuola romantico-figurativa dell\u2019epoca.<\/p>\n\n\n\n<p>Si dedica prevalentemente all\u2019arte sacra, non trascurando tuttavia il ritratto ed il paesaggio. Essendo profondamente credente riesce a trasfondere nei suoi lavori una non comune spiritualit\u00e0.<\/p>\n\n\n\n<p>Opera principalmente nelle province di Como, Milano, Varese e La Spezia. Si possono ancora ammirare i suoi affreschi nelle chiese dei comuni sotto elencati:<\/p>\n\n\n\n<p>COMO: Albavilla, Canzo, Colle Brianza, Ello, Lurate, Plesio, Sirone, Torno<\/p>\n\n\n\n<p>MILANO: citt\u00e0, Cambiago, Canegrate, Carate Brianza, Cornaredo, Inzago, Parabiago, Pessano, Rho, Robecchetto, Seregno<\/p>\n\n\n\n<p>VARESE: Gallarate, Gorla Maggiore, Gorla Minore, Venegono Inferiore<\/p>\n\n\n\n<p>LA SPEZIA: citt\u00e0, Bolano, Calice al Cornoviglio<\/p>\n\n\n\n<p>GENOVA: Chiavari<\/p>\n\n\n\n<p>MASSA-CARRARA: Rocca Sigillina (Filattiera)<\/p>\n\n\n\n<p>Diverse sue tele fanno parte di collezioni private.<\/p>\n\n\n\n<p>I suoi condiscepoli pi\u00f9 quotati sono stati Ludovico Pogliaghi, Giovanni Segantini e Cesare Tallone.<\/p>\n\n\n\n<p>Oltre all\u2019opera artistica concorrevano a farlo benvolere da chiunque lo avvicinasse le qualit\u00e0 umane che lo portavano ad interessarsi ad ogni nobile iniziativa, particolarmente in campo sociale.<\/p>\n\n\n\n<p>Mantiene un legame costante con il comune di nascita dove trascorre insieme alla famiglia la villeggiatura estiva, con periodi pi\u00f9 lunghi negli ultimi anni di vita.<\/p>\n\n\n\n<p>David Begh\u00e9 muore a Calice al Cornoviglio (SP) il 17.01.1933.<\/p>\n\n\n\n<p>Le spoglie riposano nella cappella di famiglia del cimitero della frazione di Santa Maria.<\/p>\n\n\n\n<p><\/p>\n","protected":false},"excerpt":{"rendered":"<p>David Begh\u00e9 nasce a Calice al Cornoviglio (SP) il 03.05.1854. Dopo aver effettuato gli studi in tale comune segue i corsi all\u2019Accademia di Belle Arti di Carrara e si diploma nel 1870. Successivamente si trasferisce presso uno zio sacerdote a Milano, dove si iscrive al corso di architettura presso il Politecnico. La sua grande passione [&hellip;]<\/p>\n","protected":false},"author":1,"featured_media":0,"parent":0,"menu_order":0,"comment_status":"closed","ping_status":"closed","template":"","meta":{"footnotes":""},"class_list":["post-21","page","type-page","status-publish","hentry"],"yoast_head":"<!-- This site is optimized with the Yoast SEO plugin v24.9 - https:\/\/yoast.com\/wordpress\/plugins\/seo\/ -->\r\n<title>David Begh\u00e9 - Pinacoteca Begh\u00e9<\/title>\r\n<meta name=\"description\" content=\"David Begh\u00e9 Dopo aver effettuato gli studi in tale comune, segue i corsi all\u2019Accademia di Belle Arti di Carrara e si diploma nel 1870.\" \/>\r\n<meta name=\"robots\" content=\"index, follow, max-snippet:-1, max-image-preview:large, max-video-preview:-1\" \/>\r\n<link rel=\"canonical\" href=\"https:\/\/www.pinacotecabeghe.it\/index.php\/david-beghe\/\" \/>\r\n<meta property=\"og:locale\" content=\"it_IT\" \/>\r\n<meta property=\"og:type\" content=\"article\" \/>\r\n<meta property=\"og:title\" content=\"David Begh\u00e9 - Pinacoteca Begh\u00e9\" \/>\r\n<meta property=\"og:description\" content=\"David Begh\u00e9 Dopo aver effettuato gli studi in tale comune, segue i corsi all\u2019Accademia di Belle Arti di Carrara e si diploma nel 1870.\" \/>\r\n<meta property=\"og:url\" content=\"https:\/\/www.pinacotecabeghe.it\/index.php\/david-beghe\/\" \/>\r\n<meta property=\"og:site_name\" content=\"Pinacoteca Begh\u00e9\" \/>\r\n<meta property=\"article:modified_time\" content=\"2025-05-29T09:25:36+00:00\" \/>\r\n<meta name=\"twitter:card\" content=\"summary_large_image\" \/>\r\n<meta name=\"twitter:label1\" content=\"Tempo di lettura stimato\" \/>\n\t<meta name=\"twitter:data1\" content=\"2 minuti\" \/>\r\n<script type=\"application\/ld+json\" class=\"yoast-schema-graph\">{\"@context\":\"https:\/\/schema.org\",\"@graph\":[{\"@type\":\"WebPage\",\"@id\":\"https:\/\/www.pinacotecabeghe.it\/index.php\/david-beghe\/\",\"url\":\"https:\/\/www.pinacotecabeghe.it\/index.php\/david-beghe\/\",\"name\":\"David Begh\u00e9 - Pinacoteca Begh\u00e9\",\"isPartOf\":{\"@id\":\"https:\/\/www.pinacotecabeghe.it\/#website\"},\"datePublished\":\"2025-03-01T17:32:49+00:00\",\"dateModified\":\"2025-05-29T09:25:36+00:00\",\"description\":\"David Begh\u00e9 Dopo aver effettuato gli studi in tale comune, segue i corsi all\u2019Accademia di Belle Arti di Carrara e si diploma nel 1870.\",\"breadcrumb\":{\"@id\":\"https:\/\/www.pinacotecabeghe.it\/index.php\/david-beghe\/#breadcrumb\"},\"inLanguage\":\"it-IT\",\"potentialAction\":[{\"@type\":\"ReadAction\",\"target\":[\"https:\/\/www.pinacotecabeghe.it\/index.php\/david-beghe\/\"]}]},{\"@type\":\"BreadcrumbList\",\"@id\":\"https:\/\/www.pinacotecabeghe.it\/index.php\/david-beghe\/#breadcrumb\",\"itemListElement\":[{\"@type\":\"ListItem\",\"position\":1,\"name\":\"Home\",\"item\":\"https:\/\/www.pinacotecabeghe.it\/\"},{\"@type\":\"ListItem\",\"position\":2,\"name\":\"David Begh\u00e9\"}]},{\"@type\":\"WebSite\",\"@id\":\"https:\/\/www.pinacotecabeghe.it\/#website\",\"url\":\"https:\/\/www.pinacotecabeghe.it\/\",\"name\":\"Pinacoteca Begh\u00e8\",\"description\":\"\",\"potentialAction\":[{\"@type\":\"SearchAction\",\"target\":{\"@type\":\"EntryPoint\",\"urlTemplate\":\"https:\/\/www.pinacotecabeghe.it\/?s={search_term_string}\"},\"query-input\":{\"@type\":\"PropertyValueSpecification\",\"valueRequired\":true,\"valueName\":\"search_term_string\"}}],\"inLanguage\":\"it-IT\"}]}<\/script>\r\n<!-- \/ Yoast SEO plugin. -->","yoast_head_json":{"title":"David Begh\u00e9 - Pinacoteca Begh\u00e9","description":"David Begh\u00e9 Dopo aver effettuato gli studi in tale comune, segue i corsi all\u2019Accademia di Belle Arti di Carrara e si diploma nel 1870.","robots":{"index":"index","follow":"follow","max-snippet":"max-snippet:-1","max-image-preview":"max-image-preview:large","max-video-preview":"max-video-preview:-1"},"canonical":"https:\/\/www.pinacotecabeghe.it\/index.php\/david-beghe\/","og_locale":"it_IT","og_type":"article","og_title":"David Begh\u00e9 - Pinacoteca Begh\u00e9","og_description":"David Begh\u00e9 Dopo aver effettuato gli studi in tale comune, segue i corsi all\u2019Accademia di Belle Arti di Carrara e si diploma nel 1870.","og_url":"https:\/\/www.pinacotecabeghe.it\/index.php\/david-beghe\/","og_site_name":"Pinacoteca Begh\u00e9","article_modified_time":"2025-05-29T09:25:36+00:00","twitter_card":"summary_large_image","twitter_misc":{"Tempo di lettura stimato":"2 minuti"},"schema":{"@context":"https:\/\/schema.org","@graph":[{"@type":"WebPage","@id":"https:\/\/www.pinacotecabeghe.it\/index.php\/david-beghe\/","url":"https:\/\/www.pinacotecabeghe.it\/index.php\/david-beghe\/","name":"David Begh\u00e9 - Pinacoteca Begh\u00e9","isPartOf":{"@id":"https:\/\/www.pinacotecabeghe.it\/#website"},"datePublished":"2025-03-01T17:32:49+00:00","dateModified":"2025-05-29T09:25:36+00:00","description":"David Begh\u00e9 Dopo aver effettuato gli studi in tale comune, segue i corsi all\u2019Accademia di Belle Arti di Carrara e si diploma nel 1870.","breadcrumb":{"@id":"https:\/\/www.pinacotecabeghe.it\/index.php\/david-beghe\/#breadcrumb"},"inLanguage":"it-IT","potentialAction":[{"@type":"ReadAction","target":["https:\/\/www.pinacotecabeghe.it\/index.php\/david-beghe\/"]}]},{"@type":"BreadcrumbList","@id":"https:\/\/www.pinacotecabeghe.it\/index.php\/david-beghe\/#breadcrumb","itemListElement":[{"@type":"ListItem","position":1,"name":"Home","item":"https:\/\/www.pinacotecabeghe.it\/"},{"@type":"ListItem","position":2,"name":"David Begh\u00e9"}]},{"@type":"WebSite","@id":"https:\/\/www.pinacotecabeghe.it\/#website","url":"https:\/\/www.pinacotecabeghe.it\/","name":"Pinacoteca Begh\u00e8","description":"","potentialAction":[{"@type":"SearchAction","target":{"@type":"EntryPoint","urlTemplate":"https:\/\/www.pinacotecabeghe.it\/?s={search_term_string}"},"query-input":{"@type":"PropertyValueSpecification","valueRequired":true,"valueName":"search_term_string"}}],"inLanguage":"it-IT"}]}},"_links":{"self":[{"href":"https:\/\/www.pinacotecabeghe.it\/index.php\/wp-json\/wp\/v2\/pages\/21","targetHints":{"allow":["GET"]}}],"collection":[{"href":"https:\/\/www.pinacotecabeghe.it\/index.php\/wp-json\/wp\/v2\/pages"}],"about":[{"href":"https:\/\/www.pinacotecabeghe.it\/index.php\/wp-json\/wp\/v2\/types\/page"}],"author":[{"embeddable":true,"href":"https:\/\/www.pinacotecabeghe.it\/index.php\/wp-json\/wp\/v2\/users\/1"}],"replies":[{"embeddable":true,"href":"https:\/\/www.pinacotecabeghe.it\/index.php\/wp-json\/wp\/v2\/comments?post=21"}],"version-history":[{"count":15,"href":"https:\/\/www.pinacotecabeghe.it\/index.php\/wp-json\/wp\/v2\/pages\/21\/revisions"}],"predecessor-version":[{"id":248,"href":"https:\/\/www.pinacotecabeghe.it\/index.php\/wp-json\/wp\/v2\/pages\/21\/revisions\/248"}],"wp:attachment":[{"href":"https:\/\/www.pinacotecabeghe.it\/index.php\/wp-json\/wp\/v2\/media?parent=21"}],"curies":[{"name":"wp","href":"https:\/\/api.w.org\/{rel}","templated":true}]}}