{"id":26,"date":"2025-03-01T18:48:32","date_gmt":"2025-03-01T17:48:32","guid":{"rendered":"https:\/\/www.pinacotecabeghe.it\/?page_id=26"},"modified":"2025-05-29T11:27:01","modified_gmt":"2025-05-29T09:27:01","slug":"la-pinacoteca","status":"publish","type":"page","link":"https:\/\/www.pinacotecabeghe.it\/index.php\/la-pinacoteca\/","title":{"rendered":"La Pinacoteca"},"content":{"rendered":"\n<p class=\"has-text-align-left has-neve-text-color-color has-text-color\" style=\"font-size:clamp(14px, 0.875rem + ((1vw - 3.2px) * 0.306), 17px);px\">La Pinacoteca ha sede nel castello Doria-Malaspina nel comune di <a href=\"https:\/\/www.valdivara.it\/it\/cultura\/i-borghi\/Calice-al-Cornoviglio\">Calice al Cornoviglio (SP).<\/a><\/p>\n\n\n\n<p>Il paese, situato in una piccola vallata a 25 km da La Spezia a circa 400 metri di altitudine, conserva le caratteristiche topografiche del borgo medievale.<\/p>\n\n\n\n<p>Il pregevole castello medievale, sorto forse sul sito di precedenti costruzioni liguri &#8211; apuane, si erge in posizione strategica su uno sperone di roccia che chiude la vallata formata dal torrente Usurana. Ha pianta trapezoidale e dal lato della piazza si presenta come un vasto corpo rettangolare. Sulla destra vi \u00e8 un torrione rotondo ed a sinistra un corpo cilindrico pi\u00f9 basso terminante a terrazza panoramica.<\/p>\n\n\n\n<p>Le origini antiche del castello sono attestate da un documento del 1033 con il quale il marchese Adalberto Malaspina destinava al monastero di Castiglione di Borgo San Donnino (Fidenza) alcune propriet\u00e0 tra cui il suddetto castello.<\/p>\n\n\n\n<p>Il feudo di Calice ebbe una storia complessa e travagliata, passando da un proprietario all\u2019altro. Appartenne infatti al vescovo di Luni, poi ai signori di Giovagallo ed ancora ai Malaspina; nel XIV secolo pass\u00f2 ai marchesi Malaspina di Villafranca ed in seguito ai genovesi che lo assegnarono ai Fieschi. Dopo il fallimento della congiura dei Fieschi il castello entr\u00f2 in possesso di Andrea Doria e fu residenza prima di Placidia Doria Spinola e poi di Placidia Doria Del Carretto. Dal 1709 al 1772 ritorn\u00f2 ai Malaspina che in seguito lo cedettero al Granducato di Toscana che ne fece uso burocratico &#8211; amministrativo. Fu infine, dopo la proclamazione dell\u2019unit\u00e0 d\u2019Italia, sede comunale fino al 1993.<\/p>\n\n\n\n<p>Attualmente ospita, oltre alla Pinacoteca, il piccolo museo Pietro Rosa, la sede del C.E.A. (Centro di Educazione Ambientale) ed il museo di apicoltura.<\/p>\n\n\n\n<p>La Pinacoteca \u00e8 stata inaugurata il 07.06.1992. Essa \u00e8 nata grazie alla generosit\u00e0 e totale disponibilit\u00e0 della famiglia Begh\u00e9, in particolare di Attilio Begh\u00e9, nipote del pittore, con la collaborazione del Comune di Calice al Cornoviglio e di numerosi amici soci fondatori della Pinacoteca stessa.<\/p>\n\n\n\n<p>Essa comprende numerose opere ad olio e diversi pannelli fotografici di affreschi di David Begh\u00e9 distribuiti in quattro stanze: sala ritratti, sala paesaggi, sala soggetti religiosi e sala riproduzione affreschi.<\/p>\n\n\n\n<p class=\"has-text-align-left has-neve-text-color-color has-text-color\" style=\"font-size:clamp(14px, 0.875rem + ((1vw - 3.2px) * 0.306), 17px);px\">La gestione della Pinacoteca \u00e8 affidata all\u2019omonima Associazione Culturale e ha come scopo non solo di valorizzare le opere dell\u2019artista, ma anche di contribuire alla conoscenza della cultura, dell\u2019 ambiente e della storia del territorio calicese.<\/p>\n","protected":false},"excerpt":{"rendered":"<p>La Pinacoteca ha sede nel castello Doria-Malaspina nel comune di Calice al Cornoviglio (SP). Il paese, situato in una piccola vallata a 25 km da La Spezia a circa 400 metri di altitudine, conserva le caratteristiche topografiche del borgo medievale. Il pregevole castello medievale, sorto forse sul sito di precedenti costruzioni liguri &#8211; apuane, si [&hellip;]<\/p>\n","protected":false},"author":1,"featured_media":0,"parent":0,"menu_order":0,"comment_status":"closed","ping_status":"closed","template":"","meta":{"footnotes":""},"class_list":["post-26","page","type-page","status-publish","hentry"],"yoast_head":"<!-- This site is optimized with the Yoast SEO plugin v24.9 - https:\/\/yoast.com\/wordpress\/plugins\/seo\/ -->\r\n<title>La Pinacoteca - Pinacoteca Begh\u00e9<\/title>\r\n<meta name=\"description\" content=\"La Pinacoteca ha sede nel castello Doria-Malaspina nel comune di Calice al Cornoviglio (SP) ed \u00e8 stata inaugurata il 7 Giugno 1992\" \/>\r\n<meta name=\"robots\" content=\"index, follow, max-snippet:-1, max-image-preview:large, max-video-preview:-1\" \/>\r\n<link rel=\"canonical\" href=\"https:\/\/www.pinacotecabeghe.it\/index.php\/la-pinacoteca\/\" \/>\r\n<meta property=\"og:locale\" content=\"it_IT\" \/>\r\n<meta property=\"og:type\" content=\"article\" \/>\r\n<meta property=\"og:title\" content=\"La Pinacoteca - Pinacoteca Begh\u00e9\" \/>\r\n<meta property=\"og:description\" content=\"La Pinacoteca ha sede nel castello Doria-Malaspina nel comune di Calice al Cornoviglio (SP) ed \u00e8 stata inaugurata il 7 Giugno 1992\" \/>\r\n<meta property=\"og:url\" content=\"https:\/\/www.pinacotecabeghe.it\/index.php\/la-pinacoteca\/\" \/>\r\n<meta property=\"og:site_name\" content=\"Pinacoteca Begh\u00e9\" \/>\r\n<meta property=\"article:modified_time\" content=\"2025-05-29T09:27:01+00:00\" \/>\r\n<meta name=\"twitter:card\" content=\"summary_large_image\" \/>\r\n<meta name=\"twitter:label1\" content=\"Tempo di lettura stimato\" \/>\n\t<meta name=\"twitter:data1\" content=\"3 minuti\" \/>\r\n<script type=\"application\/ld+json\" class=\"yoast-schema-graph\">{\"@context\":\"https:\/\/schema.org\",\"@graph\":[{\"@type\":\"WebPage\",\"@id\":\"https:\/\/www.pinacotecabeghe.it\/index.php\/la-pinacoteca\/\",\"url\":\"https:\/\/www.pinacotecabeghe.it\/index.php\/la-pinacoteca\/\",\"name\":\"La Pinacoteca - Pinacoteca Begh\u00e9\",\"isPartOf\":{\"@id\":\"https:\/\/www.pinacotecabeghe.it\/#website\"},\"datePublished\":\"2025-03-01T17:48:32+00:00\",\"dateModified\":\"2025-05-29T09:27:01+00:00\",\"description\":\"La Pinacoteca ha sede nel castello Doria-Malaspina nel comune di Calice al Cornoviglio (SP) ed \u00e8 stata inaugurata il 7 Giugno 1992\",\"breadcrumb\":{\"@id\":\"https:\/\/www.pinacotecabeghe.it\/index.php\/la-pinacoteca\/#breadcrumb\"},\"inLanguage\":\"it-IT\",\"potentialAction\":[{\"@type\":\"ReadAction\",\"target\":[\"https:\/\/www.pinacotecabeghe.it\/index.php\/la-pinacoteca\/\"]}]},{\"@type\":\"BreadcrumbList\",\"@id\":\"https:\/\/www.pinacotecabeghe.it\/index.php\/la-pinacoteca\/#breadcrumb\",\"itemListElement\":[{\"@type\":\"ListItem\",\"position\":1,\"name\":\"Home\",\"item\":\"https:\/\/www.pinacotecabeghe.it\/\"},{\"@type\":\"ListItem\",\"position\":2,\"name\":\"La Pinacoteca\"}]},{\"@type\":\"WebSite\",\"@id\":\"https:\/\/www.pinacotecabeghe.it\/#website\",\"url\":\"https:\/\/www.pinacotecabeghe.it\/\",\"name\":\"Pinacoteca Begh\u00e8\",\"description\":\"\",\"potentialAction\":[{\"@type\":\"SearchAction\",\"target\":{\"@type\":\"EntryPoint\",\"urlTemplate\":\"https:\/\/www.pinacotecabeghe.it\/?s={search_term_string}\"},\"query-input\":{\"@type\":\"PropertyValueSpecification\",\"valueRequired\":true,\"valueName\":\"search_term_string\"}}],\"inLanguage\":\"it-IT\"}]}<\/script>\r\n<!-- \/ Yoast SEO plugin. -->","yoast_head_json":{"title":"La Pinacoteca - Pinacoteca Begh\u00e9","description":"La Pinacoteca ha sede nel castello Doria-Malaspina nel comune di Calice al Cornoviglio (SP) ed \u00e8 stata inaugurata il 7 Giugno 1992","robots":{"index":"index","follow":"follow","max-snippet":"max-snippet:-1","max-image-preview":"max-image-preview:large","max-video-preview":"max-video-preview:-1"},"canonical":"https:\/\/www.pinacotecabeghe.it\/index.php\/la-pinacoteca\/","og_locale":"it_IT","og_type":"article","og_title":"La Pinacoteca - Pinacoteca Begh\u00e9","og_description":"La Pinacoteca ha sede nel castello Doria-Malaspina nel comune di Calice al Cornoviglio (SP) ed \u00e8 stata inaugurata il 7 Giugno 1992","og_url":"https:\/\/www.pinacotecabeghe.it\/index.php\/la-pinacoteca\/","og_site_name":"Pinacoteca Begh\u00e9","article_modified_time":"2025-05-29T09:27:01+00:00","twitter_card":"summary_large_image","twitter_misc":{"Tempo di lettura stimato":"3 minuti"},"schema":{"@context":"https:\/\/schema.org","@graph":[{"@type":"WebPage","@id":"https:\/\/www.pinacotecabeghe.it\/index.php\/la-pinacoteca\/","url":"https:\/\/www.pinacotecabeghe.it\/index.php\/la-pinacoteca\/","name":"La Pinacoteca - Pinacoteca Begh\u00e9","isPartOf":{"@id":"https:\/\/www.pinacotecabeghe.it\/#website"},"datePublished":"2025-03-01T17:48:32+00:00","dateModified":"2025-05-29T09:27:01+00:00","description":"La Pinacoteca ha sede nel castello Doria-Malaspina nel comune di Calice al Cornoviglio (SP) ed \u00e8 stata inaugurata il 7 Giugno 1992","breadcrumb":{"@id":"https:\/\/www.pinacotecabeghe.it\/index.php\/la-pinacoteca\/#breadcrumb"},"inLanguage":"it-IT","potentialAction":[{"@type":"ReadAction","target":["https:\/\/www.pinacotecabeghe.it\/index.php\/la-pinacoteca\/"]}]},{"@type":"BreadcrumbList","@id":"https:\/\/www.pinacotecabeghe.it\/index.php\/la-pinacoteca\/#breadcrumb","itemListElement":[{"@type":"ListItem","position":1,"name":"Home","item":"https:\/\/www.pinacotecabeghe.it\/"},{"@type":"ListItem","position":2,"name":"La Pinacoteca"}]},{"@type":"WebSite","@id":"https:\/\/www.pinacotecabeghe.it\/#website","url":"https:\/\/www.pinacotecabeghe.it\/","name":"Pinacoteca Begh\u00e8","description":"","potentialAction":[{"@type":"SearchAction","target":{"@type":"EntryPoint","urlTemplate":"https:\/\/www.pinacotecabeghe.it\/?s={search_term_string}"},"query-input":{"@type":"PropertyValueSpecification","valueRequired":true,"valueName":"search_term_string"}}],"inLanguage":"it-IT"}]}},"_links":{"self":[{"href":"https:\/\/www.pinacotecabeghe.it\/index.php\/wp-json\/wp\/v2\/pages\/26","targetHints":{"allow":["GET"]}}],"collection":[{"href":"https:\/\/www.pinacotecabeghe.it\/index.php\/wp-json\/wp\/v2\/pages"}],"about":[{"href":"https:\/\/www.pinacotecabeghe.it\/index.php\/wp-json\/wp\/v2\/types\/page"}],"author":[{"embeddable":true,"href":"https:\/\/www.pinacotecabeghe.it\/index.php\/wp-json\/wp\/v2\/users\/1"}],"replies":[{"embeddable":true,"href":"https:\/\/www.pinacotecabeghe.it\/index.php\/wp-json\/wp\/v2\/comments?post=26"}],"version-history":[{"count":10,"href":"https:\/\/www.pinacotecabeghe.it\/index.php\/wp-json\/wp\/v2\/pages\/26\/revisions"}],"predecessor-version":[{"id":249,"href":"https:\/\/www.pinacotecabeghe.it\/index.php\/wp-json\/wp\/v2\/pages\/26\/revisions\/249"}],"wp:attachment":[{"href":"https:\/\/www.pinacotecabeghe.it\/index.php\/wp-json\/wp\/v2\/media?parent=26"}],"curies":[{"name":"wp","href":"https:\/\/api.w.org\/{rel}","templated":true}]}}