{"id":7,"date":"2025-03-01T14:18:30","date_gmt":"2025-03-01T13:18:30","guid":{"rendered":"https:\/\/www.pinacotecabeghe.it\/?page_id=7"},"modified":"2025-05-29T11:23:24","modified_gmt":"2025-05-29T09:23:24","slug":"benvenuti-alla-pinacoteca","status":"publish","type":"page","link":"https:\/\/www.pinacotecabeghe.it\/","title":{"rendered":"Benvenuti alla Pinacoteca"},"content":{"rendered":"\n<p class=\"has-text-align-center has-x-large-font-size\"><strong>Benvenuti alla Pinacoteca<\/strong><\/p>\n\n\n\n<figure class=\"wp-block-image aligncenter size-large\"><img loading=\"lazy\" decoding=\"async\" width=\"781\" height=\"1024\" src=\"https:\/\/www.pinacotecabeghe.it\/wp-content\/uploads\/2025\/03\/Autoritratto-781x1024.jpg\" alt=\"Benvenuti alla Pinacoteca\" class=\"wp-image-103\" srcset=\"https:\/\/www.pinacotecabeghe.it\/wp-content\/uploads\/2025\/03\/Autoritratto-781x1024.jpg 781w, https:\/\/www.pinacotecabeghe.it\/wp-content\/uploads\/2025\/03\/Autoritratto-229x300.jpg 229w, https:\/\/www.pinacotecabeghe.it\/wp-content\/uploads\/2025\/03\/Autoritratto-768x1006.jpg 768w, https:\/\/www.pinacotecabeghe.it\/wp-content\/uploads\/2025\/03\/Autoritratto.jpg 857w\" sizes=\"auto, (max-width: 781px) 100vw, 781px\" \/><\/figure>\n\n\n\n<p class=\"has-text-align-center has-large-font-size\"><br><strong>DAVID BEGHE&#8217;<\/strong><\/p>\n\n\n\n<p><\/p>\n","protected":false},"excerpt":{"rendered":"<p>Benvenuti alla Pinacoteca DAVID BEGHE&#8217;<\/p>\n","protected":false},"author":1,"featured_media":0,"parent":0,"menu_order":0,"comment_status":"closed","ping_status":"closed","template":"page-templates\/contained-no-title.php","meta":{"footnotes":""},"class_list":["post-7","page","type-page","status-publish","hentry"],"yoast_head":"<!-- This site is optimized with the Yoast SEO plugin v24.9 - https:\/\/yoast.com\/wordpress\/plugins\/seo\/ -->\r\n<title>Benvenuti alla Pinacoteca - Pinacoteca Begh\u00e9<\/title>\r\n<meta name=\"description\" content=\"Benvenuti alla Pinacoteca: \u00e8 stata inaugurata il 07.06.1992 grazie alla generosit\u00e0 e totale disponibilit\u00e0 della famiglia Begh\u00e9\" \/>\r\n<meta name=\"robots\" content=\"index, follow, max-snippet:-1, max-image-preview:large, max-video-preview:-1\" \/>\r\n<link rel=\"canonical\" href=\"https:\/\/www.pinacotecabeghe.it\/\" \/>\r\n<meta property=\"og:locale\" content=\"it_IT\" \/>\r\n<meta property=\"og:type\" content=\"article\" \/>\r\n<meta property=\"og:title\" content=\"Benvenuti alla Pinacoteca - Pinacoteca Begh\u00e9\" \/>\r\n<meta property=\"og:description\" content=\"Benvenuti alla Pinacoteca: \u00e8 stata inaugurata il 07.06.1992 grazie alla generosit\u00e0 e totale disponibilit\u00e0 della famiglia Begh\u00e9\" \/>\r\n<meta property=\"og:url\" content=\"https:\/\/www.pinacotecabeghe.it\/\" \/>\r\n<meta property=\"og:site_name\" content=\"Pinacoteca Begh\u00e9\" \/>\r\n<meta property=\"article:modified_time\" content=\"2025-05-29T09:23:24+00:00\" \/>\r\n<meta property=\"og:image\" content=\"https:\/\/www.pinacotecabeghe.it\/wp-content\/uploads\/2025\/03\/Autoritratto.jpg\" \/>\r\n\t<meta property=\"og:image:width\" content=\"857\" \/>\r\n\t<meta property=\"og:image:height\" content=\"1123\" \/>\r\n\t<meta property=\"og:image:type\" content=\"image\/jpeg\" \/>\r\n<meta name=\"twitter:card\" content=\"summary_large_image\" \/>\r\n<meta name=\"twitter:label1\" content=\"Tempo di lettura stimato\" \/>\n\t<meta name=\"twitter:data1\" content=\"1 minuto\" \/>\r\n<script type=\"application\/ld+json\" class=\"yoast-schema-graph\">{\"@context\":\"https:\/\/schema.org\",\"@graph\":[{\"@type\":\"WebPage\",\"@id\":\"https:\/\/www.pinacotecabeghe.it\/\",\"url\":\"https:\/\/www.pinacotecabeghe.it\/\",\"name\":\"Benvenuti alla Pinacoteca - Pinacoteca Begh\u00e9\",\"isPartOf\":{\"@id\":\"https:\/\/www.pinacotecabeghe.it\/#website\"},\"primaryImageOfPage\":{\"@id\":\"https:\/\/www.pinacotecabeghe.it\/#primaryimage\"},\"image\":{\"@id\":\"https:\/\/www.pinacotecabeghe.it\/#primaryimage\"},\"thumbnailUrl\":\"https:\/\/www.pinacotecabeghe.it\/wp-content\/uploads\/2025\/03\/Autoritratto-781x1024.jpg\",\"datePublished\":\"2025-03-01T13:18:30+00:00\",\"dateModified\":\"2025-05-29T09:23:24+00:00\",\"description\":\"Benvenuti alla Pinacoteca: \u00e8 stata inaugurata il 07.06.1992 grazie alla generosit\u00e0 e totale disponibilit\u00e0 della famiglia Begh\u00e9\",\"breadcrumb\":{\"@id\":\"https:\/\/www.pinacotecabeghe.it\/#breadcrumb\"},\"inLanguage\":\"it-IT\",\"potentialAction\":[{\"@type\":\"ReadAction\",\"target\":[\"https:\/\/www.pinacotecabeghe.it\/\"]}]},{\"@type\":\"ImageObject\",\"inLanguage\":\"it-IT\",\"@id\":\"https:\/\/www.pinacotecabeghe.it\/#primaryimage\",\"url\":\"https:\/\/www.pinacotecabeghe.it\/wp-content\/uploads\/2025\/03\/Autoritratto.jpg\",\"contentUrl\":\"https:\/\/www.pinacotecabeghe.it\/wp-content\/uploads\/2025\/03\/Autoritratto.jpg\",\"width\":857,\"height\":1123},{\"@type\":\"BreadcrumbList\",\"@id\":\"https:\/\/www.pinacotecabeghe.it\/#breadcrumb\",\"itemListElement\":[{\"@type\":\"ListItem\",\"position\":1,\"name\":\"Home\",\"item\":\"https:\/\/www.pinacotecabeghe.it\/\"},{\"@type\":\"ListItem\",\"position\":2,\"name\":\"Benvenuti alla Pinacoteca\"}]},{\"@type\":\"WebSite\",\"@id\":\"https:\/\/www.pinacotecabeghe.it\/#website\",\"url\":\"https:\/\/www.pinacotecabeghe.it\/\",\"name\":\"Pinacoteca Begh\u00e8\",\"description\":\"\",\"potentialAction\":[{\"@type\":\"SearchAction\",\"target\":{\"@type\":\"EntryPoint\",\"urlTemplate\":\"https:\/\/www.pinacotecabeghe.it\/?s={search_term_string}\"},\"query-input\":{\"@type\":\"PropertyValueSpecification\",\"valueRequired\":true,\"valueName\":\"search_term_string\"}}],\"inLanguage\":\"it-IT\"}]}<\/script>\r\n<!-- \/ Yoast SEO plugin. -->","yoast_head_json":{"title":"Benvenuti alla Pinacoteca - Pinacoteca Begh\u00e9","description":"Benvenuti alla Pinacoteca: \u00e8 stata inaugurata il 07.06.1992 grazie alla generosit\u00e0 e totale disponibilit\u00e0 della famiglia Begh\u00e9","robots":{"index":"index","follow":"follow","max-snippet":"max-snippet:-1","max-image-preview":"max-image-preview:large","max-video-preview":"max-video-preview:-1"},"canonical":"https:\/\/www.pinacotecabeghe.it\/","og_locale":"it_IT","og_type":"article","og_title":"Benvenuti alla Pinacoteca - Pinacoteca Begh\u00e9","og_description":"Benvenuti alla Pinacoteca: \u00e8 stata inaugurata il 07.06.1992 grazie alla generosit\u00e0 e totale disponibilit\u00e0 della famiglia Begh\u00e9","og_url":"https:\/\/www.pinacotecabeghe.it\/","og_site_name":"Pinacoteca Begh\u00e9","article_modified_time":"2025-05-29T09:23:24+00:00","og_image":[{"width":857,"height":1123,"url":"https:\/\/www.pinacotecabeghe.it\/wp-content\/uploads\/2025\/03\/Autoritratto.jpg","type":"image\/jpeg"}],"twitter_card":"summary_large_image","twitter_misc":{"Tempo di lettura stimato":"1 minuto"},"schema":{"@context":"https:\/\/schema.org","@graph":[{"@type":"WebPage","@id":"https:\/\/www.pinacotecabeghe.it\/","url":"https:\/\/www.pinacotecabeghe.it\/","name":"Benvenuti alla Pinacoteca - Pinacoteca Begh\u00e9","isPartOf":{"@id":"https:\/\/www.pinacotecabeghe.it\/#website"},"primaryImageOfPage":{"@id":"https:\/\/www.pinacotecabeghe.it\/#primaryimage"},"image":{"@id":"https:\/\/www.pinacotecabeghe.it\/#primaryimage"},"thumbnailUrl":"https:\/\/www.pinacotecabeghe.it\/wp-content\/uploads\/2025\/03\/Autoritratto-781x1024.jpg","datePublished":"2025-03-01T13:18:30+00:00","dateModified":"2025-05-29T09:23:24+00:00","description":"Benvenuti alla Pinacoteca: \u00e8 stata inaugurata il 07.06.1992 grazie alla generosit\u00e0 e totale disponibilit\u00e0 della famiglia Begh\u00e9","breadcrumb":{"@id":"https:\/\/www.pinacotecabeghe.it\/#breadcrumb"},"inLanguage":"it-IT","potentialAction":[{"@type":"ReadAction","target":["https:\/\/www.pinacotecabeghe.it\/"]}]},{"@type":"ImageObject","inLanguage":"it-IT","@id":"https:\/\/www.pinacotecabeghe.it\/#primaryimage","url":"https:\/\/www.pinacotecabeghe.it\/wp-content\/uploads\/2025\/03\/Autoritratto.jpg","contentUrl":"https:\/\/www.pinacotecabeghe.it\/wp-content\/uploads\/2025\/03\/Autoritratto.jpg","width":857,"height":1123},{"@type":"BreadcrumbList","@id":"https:\/\/www.pinacotecabeghe.it\/#breadcrumb","itemListElement":[{"@type":"ListItem","position":1,"name":"Home","item":"https:\/\/www.pinacotecabeghe.it\/"},{"@type":"ListItem","position":2,"name":"Benvenuti alla Pinacoteca"}]},{"@type":"WebSite","@id":"https:\/\/www.pinacotecabeghe.it\/#website","url":"https:\/\/www.pinacotecabeghe.it\/","name":"Pinacoteca Begh\u00e8","description":"","potentialAction":[{"@type":"SearchAction","target":{"@type":"EntryPoint","urlTemplate":"https:\/\/www.pinacotecabeghe.it\/?s={search_term_string}"},"query-input":{"@type":"PropertyValueSpecification","valueRequired":true,"valueName":"search_term_string"}}],"inLanguage":"it-IT"}]}},"_links":{"self":[{"href":"https:\/\/www.pinacotecabeghe.it\/index.php\/wp-json\/wp\/v2\/pages\/7","targetHints":{"allow":["GET"]}}],"collection":[{"href":"https:\/\/www.pinacotecabeghe.it\/index.php\/wp-json\/wp\/v2\/pages"}],"about":[{"href":"https:\/\/www.pinacotecabeghe.it\/index.php\/wp-json\/wp\/v2\/types\/page"}],"author":[{"embeddable":true,"href":"https:\/\/www.pinacotecabeghe.it\/index.php\/wp-json\/wp\/v2\/users\/1"}],"replies":[{"embeddable":true,"href":"https:\/\/www.pinacotecabeghe.it\/index.php\/wp-json\/wp\/v2\/comments?post=7"}],"version-history":[{"count":16,"href":"https:\/\/www.pinacotecabeghe.it\/index.php\/wp-json\/wp\/v2\/pages\/7\/revisions"}],"predecessor-version":[{"id":245,"href":"https:\/\/www.pinacotecabeghe.it\/index.php\/wp-json\/wp\/v2\/pages\/7\/revisions\/245"}],"wp:attachment":[{"href":"https:\/\/www.pinacotecabeghe.it\/index.php\/wp-json\/wp\/v2\/media?parent=7"}],"curies":[{"name":"wp","href":"https:\/\/api.w.org\/{rel}","templated":true}]}}